{"id":36,"date":"2017-03-02T18:49:06","date_gmt":"2017-03-02T18:49:06","guid":{"rendered":"http:\/\/staging.wolfglobal.com\/?page_id=36"},"modified":"2020-11-16T16:32:31","modified_gmt":"2020-11-16T16:32:31","slug":"press-and-media","status":"publish","type":"page","link":"http:\/\/wolfgloballaw.com\/stage\/firm\/press-and-media\/","title":{"rendered":"Press and Media"},"content":{"rendered":"<blockquote>\n<h3>Corporate Counsel<\/h3>\n<p><em>June 29, 2020<\/em><br \/>\n<a href=\"https:\/\/www.law.com\/corpcounsel\/2020\/06\/29\/after-charges-against-former-ebay-executives-its-time-to-rethink-investigations\/\" target=\"_blank\" rel=\"noopener noreferrer\"><strong>After Charges Against Former eBay Executives, It&#8217;s Time to Rethink Investigations&nbsp;<\/strong><\/a><\/p>\n<p>By Jarrett Wolf | EBay is not the first company to encounter problems due to the illegal or unethical use of investigations, nor will it be the last, but companies can start thinking today about how to avoid being the next.<\/p><\/blockquote>\n<blockquote>\n<h3>WSVN<\/h3>\n<p><em>February 12, 2020<\/em><br \/>\n<a href=\"https:\/\/wsvn.com\/news\/special-reports\/debt-disaster-business-owner-faces-financial-ruin-after-crook-takes-out-fraudulent-loans\/\" target=\"_blank\" rel=\"noopener noreferrer\"><strong>Debt Disaster: Business owner faces financial ruin after crook takes out fraudulent loans<\/strong><\/a><\/p>\n<p>By Patrick Fraser, Ambar Rodriguez | They created their own business, worked hard to build it, and then, a crook conned five lenders into loaning him money while pretending to be the business owner.<\/p><\/blockquote>\n<blockquote>\n<h3>The Miami Herald<\/h3>\n<p><em>September 16, 2019<\/em><br \/>\n<a href=\"https:\/\/www.miamiherald.com\/news\/business\/biz-columns-blogs\/article235051282.html\" target=\"_blank\" rel=\"noopener noreferrer\"><strong>What companies can do to comply with the U.S. sanctions on Venezuela<\/strong><\/a><\/p>\n<p>By Jarrett Wolf | A sanctions compliance program, if well-implemented, will help companies mitigate the risk of costly sanctions violations, and minimize the consequences for sanctions violations that do occur.<\/p><\/blockquote>\n<blockquote>\n<h3>Daily Business Review<\/h3>\n<p><em>August 20, 2019<\/em><br \/>\n<a href=\"https:\/\/www.law.com\/dailybusinessreview\/2019\/08\/20\/new-venezuela-sanctions-what-they-mean-and-why-you-should-be-aware\/\" target=\"_blank\" rel=\"noopener noreferrer\"><strong>New Venezuela Sanctions: What They Mean and Why You Should be Aware<\/strong><\/a><\/p>\n<p>By Jarrett Wolf | On August 5, 2019, the president of the United States issued Executive Order 13884, blocking all property of the Government of Venezuela in the United States.&nbsp; Banks, companies and individuals, in the U.S. and worldwide, especially those engaged in international business, should understand what the executive order means, why it\u2019s important to be aware, and what to do.<\/p><\/blockquote>\n<blockquote>\n<h3>Corporate Counsel<\/h3>\n<p><em>September 28, 2018<\/em><br \/>\n<a href=\"https:\/\/www.law.com\/corpcounsel\/2018\/09\/28\/what-every-general-counsel-needs-to-know-about-the-intelligence-cycle\/\" target=\"_blank\" rel=\"noopener noreferrer\"><strong>What Every General Counsel Needs to Know About the Intelligence Cycle<\/strong><\/a><\/p>\n<p>By Jarrett Wolf | Because general counsel are involved in the megadeals, allegations of wrongdoing, and bet-the-company litigation that carry the greatest exposure for the company, general counsel need to understand intelligence investigations and the use of the intelligence cycle.<\/p><\/blockquote>\n<blockquote>\n<h3>Bloomberg<\/h3>\n<p><em>November 2, 2017<\/em><br \/>\n<a href=\"https:\/\/www.bloomberg.com\/news\/articles\/2017-11-02\/socgen-executives-are-said-to-be-drawn-into-u-s-libor-probe\" target=\"_blank\" rel=\"noopener noreferrer\"><strong>SocGen Execs Are Drawn Into U.S. Libor Probe<\/strong><\/a><\/p>\n<p>By Tom Schoenberg, Gaspard Sebag, and Fabio Benedetti Valentini | The U.S. Justice Department\u2019s investigation into interest-rate manipulation at global banks is piercing the executive suite, with prosecutors scrutinizing the activities of senior\u2026<\/p><\/blockquote>\n<blockquote>\n<h3>FORBES MIDDLE EAST<\/h3>\n<p><em>September 2017<\/em><br \/>\n<strong><a href=\"http:\/\/wolfgloballaw.com\/stage\/wp-content\/uploads\/2017\/09\/Doing-Business-in-the-United-States-and-with-US-Companies-Forbes-Middle-East-September-2017.pdf\" target=\"_blank\" rel=\"noopener noreferrer\">Doing Business in the U.S. \u2013 Five Considerations for the Arab Business Leader<\/a><\/strong><\/p>\n<p>By Jarrett Wolf | For Arab business leaders, doing business in the U.S. and with U.S. companies can be rewarding. As in any international business, there are risks, but business between the regions should be encouraged, while considering the means by which risks can be mitigated and disputes resolved.<\/p><\/blockquote>\n<blockquote>\n<h3>PRESS RELEASE<\/h3>\n<p><em>May 23, 2017<\/em><br \/>\n<strong><a href=\"https:\/\/globenewswire.com\/news-release\/2017\/05\/23\/995262\/0\/en\/New-International-Advisory-Firm-Wolf-Global-Launches-to-Help-Clients-Navigate-Sensitive-Discreet-and-Complex-Matters.html\" target=\"_blank\" rel=\"noopener noreferrer\">New International Advisory Firm Wolf Global Launches to Help Clients Navigate Sensitive, Discreet and Complex Matters<\/a><\/strong><\/p>\n<p>MIAMI, May 23, 2017 \u2013 Former prosecutor and DEA agent Jarrett Wolf today announced the creation of Wolf Global, an international advisory and consulting firm focused on helping lawyers, bankers, senior executives, senior diplomats and ultra high net worth individuals and their family offices navigate legal, commercial, political and reputational crises and risks.<\/p><\/blockquote>\n<blockquote>\n<h3>Billionaire<\/h3>\n<p><em>June 8, 2016<\/em><br \/>\n<strong><a href=\"http:\/\/wolfgloballaw.com\/stage\/international\/due-diligence-after-the-panama-papers\/\">Due Diligence After The Panama Papers<\/a><\/strong><\/p>\n<p>By Jarrett Wolf | The Panama Papers scandal shone a light on the demand for transparency. In this new era, UHNWIs who conduct independent, objective self-due diligence investigations will benefit. The ownership of an offshore entity is not inherently illegal. Using an offshore entity to launder money, finance terrorism, commit fraud or evade taxes, is. New rules and calls for new legislation aimed at the illegal use of offshore entities will require new anti-money laundering obligations of banks and other financial institutions. This will affect not only banking relationships, but commercial relationships as well.<\/p><\/blockquote>\n<blockquote>\n<h3>Denver Post<\/h3>\n<p><em>May 5, 2015<\/em><br \/>\n<a href=\"http:\/\/www.denverpost.com\/2015\/05\/05\/denver-da-questions-lack-of-arrests-in-gang-shooting-deaths\/\" target=\"_blank\" rel=\"noopener noreferrer\"><strong>Denver DA questions lack of arrests in gang shooting deaths<\/strong><\/a><\/p>\n<p>By Noelle Phillips | Of the 12 gang-related homicides reporter this year, Denver police have arrested suspects in just one case, and now the district attorney is questioning whether police have the right resources directed at the city\u2019s ongoing gang war\u2026<\/p><\/blockquote>\n<blockquote>\n<h3>District of Columbia Bar<\/h3>\n<p><em>December 17, 2014<\/em><br \/>\n<a href=\"https:\/\/listserv.gmu.edu\/cgi-bin\/wa?A2=ind1412&amp;L=GMUSL-1D-L&amp;F=&amp;S=&amp;P=12460\" target=\"_blank\" rel=\"noopener noreferrer\"><strong>District of Columbia Bar Alternative Legal Careers Showcase<\/strong><\/a><\/p>\n<p>Speaker: Jarrett Wolf, President, Wolf Global Consulting | Legal training and business experience can be a launching pad for various types of professionally challenging opportunities that are not based in the law. To combat the high number of legally trained professionals against the smaller number of jobs available through the traditional means of practicing law, many have had to explore non-traditional employment. Others are just looking to chart an atypical career path. If you are considering chartering a different path, or just want to learn about more career options, this is the program for you. Join us for a panel discussion on alternative careers for attorneys and law graduates. Come hear how legal professionals have successfully used their J.D., skills and experience in non-traditional ways.<\/p><\/blockquote>\n<blockquote>\n<h3>Mercado de Dinero<\/h3>\n<p><em>April 9, 2012<\/em><br \/>\n<a href=\"https:\/\/issuu.com\/ausbanc\/docs\/consumiamisupplement\" target=\"_blank\" rel=\"noopener noreferrer\"><strong>\u00bfSe va de vacaciones? No olvide informarse sobre sus derechos<\/strong><\/a><\/p>\n<p>Derechos de consumidor en el turismo. \u00bfA qui\u00e9n no le gusta irse de vacaciones? A todos, sobre todo despu\u00e9s de un a\u00f1o de trabajar fuerte\u2026<\/p><\/blockquote>\n<blockquote>\n<h3>The National<\/h3>\n<p><em>March 3, 2011<\/em><br \/>\n<a href=\"http:\/\/www.thenational.ae\/business\/beware-of-branding-blunders\" target=\"_blank\" rel=\"noopener noreferrer\"><strong>Beware of branding blunders<\/strong><\/a><\/p>\n<p>By Neil Parmar | A company name can mean so much more. It is easy when entering new markets for all those good intentions to be lost in translation. When the founders of the Naked Pizza franchise launched their first international eatery in Dubai about a month ago, they knew it might be a conversational fire-starter. Which is why customers will not be able to find Naked Pizza anywhere in the emirate\u2026<\/p><\/blockquote>\n<blockquote>\n<h3>U.S. Department of Justice<\/h3>\n<p><em>July 2009<\/em><br \/>\nOffice of Justice Programs, Office of Juvenile Justice and Delinquency Prevention<br \/>\n<a href=\"https:\/\/www.nationalgangcenter.gov\/content\/documents\/gang-prosecution-manual.pdf\" target=\"_blank\" rel=\"noopener noreferrer\"><strong>Gang Prosecution Manual<\/strong><\/a><\/p>\n<p>By John Anderson, Sergeant Mark Nye, Ron Freitas and Jarrett Wolf<\/p><\/blockquote>\n","protected":false},"excerpt":{"rendered":"<p>Corporate Counsel June 29, 2020 After Charges Against Former eBay Executives, It&#8217;s Time to Rethink Investigations&nbsp; By Jarrett Wolf | EBay is not the first company to encounter problems due to the illegal or unethical use of investigations, nor will it be the last, but companies can start thinking today [&hellip;]<\/p>\n","protected":false},"author":1,"featured_media":2312,"parent":12,"menu_order":0,"comment_status":"closed","ping_status":"closed","template":"","meta":{"footnotes":""},"class_list":["post-36","page","type-page","status-publish","has-post-thumbnail","hentry"],"_links":{"self":[{"href":"http:\/\/wolfgloballaw.com\/stage\/wp-json\/wp\/v2\/pages\/36","targetHints":{"allow":["GET"]}}],"collection":[{"href":"http:\/\/wolfgloballaw.com\/stage\/wp-json\/wp\/v2\/pages"}],"about":[{"href":"http:\/\/wolfgloballaw.com\/stage\/wp-json\/wp\/v2\/types\/page"}],"author":[{"embeddable":true,"href":"http:\/\/wolfgloballaw.com\/stage\/wp-json\/wp\/v2\/users\/1"}],"replies":[{"embeddable":true,"href":"http:\/\/wolfgloballaw.com\/stage\/wp-json\/wp\/v2\/comments?post=36"}],"version-history":[{"count":21,"href":"http:\/\/wolfgloballaw.com\/stage\/wp-json\/wp\/v2\/pages\/36\/revisions"}],"predecessor-version":[{"id":2057,"href":"http:\/\/wolfgloballaw.com\/stage\/wp-json\/wp\/v2\/pages\/36\/revisions\/2057"}],"up":[{"embeddable":true,"href":"http:\/\/wolfgloballaw.com\/stage\/wp-json\/wp\/v2\/pages\/12"}],"wp:featuredmedia":[{"embeddable":true,"href":"http:\/\/wolfgloballaw.com\/stage\/wp-json\/wp\/v2\/media\/2312"}],"wp:attachment":[{"href":"http:\/\/wolfgloballaw.com\/stage\/wp-json\/wp\/v2\/media?parent=36"}],"curies":[{"name":"wp","href":"https:\/\/api.w.org\/{rel}","templated":true}]}}